{"id":2749,"date":"2022-12-02T18:37:16","date_gmt":"2022-12-02T18:37:16","guid":{"rendered":"https:\/\/aj92couvreur.fr\/?page_id=2749"},"modified":"2023-01-24T03:26:51","modified_gmt":"2023-01-24T03:26:51","slug":"aides-financieres","status":"publish","type":"page","link":"https:\/\/aj92couvreur.fr\/index.php\/aides-financieres\/","title":{"rendered":"Aides financi\u00e8res"},"content":{"rendered":"\t\t<div data-elementor-type=\"wp-page\" data-elementor-id=\"2749\" class=\"elementor elementor-2749\">\n\t\t\t\t\t\t\t\t\t<section class=\"elementor-section elementor-top-section elementor-element elementor-element-067922b elementor-section-boxed elementor-section-height-default elementor-section-height-default\" data-id=\"067922b\" data-element_type=\"section\">\n\t\t\t\t\t\t<div class=\"elementor-container elementor-column-gap-default\">\n\t\t\t\t\t<div class=\"elementor-column elementor-col-100 elementor-top-column elementor-element elementor-element-1ade167\" data-id=\"1ade167\" data-element_type=\"column\">\n\t\t\t<div class=\"elementor-widget-wrap\">\n\t\t\t\t\t\t\t\t\t<\/div>\n\t\t<\/div>\n\t\t\t\t\t\t\t<\/div>\n\t\t<\/section>\n\t\t\t\t<section class=\"elementor-section elementor-top-section elementor-element elementor-element-dfa5213 elementor-section-boxed elementor-section-height-default elementor-section-height-default\" data-id=\"dfa5213\" data-element_type=\"section\" data-settings=\"{&quot;background_background&quot;:&quot;classic&quot;}\">\n\t\t\t\t\t\t\t<div class=\"elementor-background-overlay\"><\/div>\n\t\t\t\t\t\t\t<div class=\"elementor-container elementor-column-gap-no\">\n\t\t\t\t\t<div class=\"elementor-column elementor-col-100 elementor-top-column elementor-element elementor-element-d5b5195\" data-id=\"d5b5195\" data-element_type=\"column\">\n\t\t\t<div class=\"elementor-widget-wrap elementor-element-populated\">\n\t\t\t\t\t\t\t\t<div class=\"elementor-element elementor-element-830607b elementor-widget elementor-widget-heading\" data-id=\"830607b\" data-element_type=\"widget\" data-widget_type=\"heading.default\">\n\t\t\t\t<div class=\"elementor-widget-container\">\n\t\t\t<style>\/*! elementor - v3.15.0 - 20-08-2023 *\/\n.elementor-heading-title{padding:0;margin:0;line-height:1}.elementor-widget-heading .elementor-heading-title[class*=elementor-size-]>a{color:inherit;font-size:inherit;line-height:inherit}.elementor-widget-heading .elementor-heading-title.elementor-size-small{font-size:15px}.elementor-widget-heading .elementor-heading-title.elementor-size-medium{font-size:19px}.elementor-widget-heading .elementor-heading-title.elementor-size-large{font-size:29px}.elementor-widget-heading .elementor-heading-title.elementor-size-xl{font-size:39px}.elementor-widget-heading .elementor-heading-title.elementor-size-xxl{font-size:59px}<\/style><h1 class=\"elementor-heading-title elementor-size-default\">Aides financi\u00e8res <\/h1>\t\t<\/div>\n\t\t\t\t<\/div>\n\t\t\t\t\t<\/div>\n\t\t<\/div>\n\t\t\t\t\t\t\t<\/div>\n\t\t<\/section>\n\t\t\t\t<section class=\"elementor-section elementor-top-section elementor-element elementor-element-1d68b99 elementor-section-boxed elementor-section-height-default elementor-section-height-default\" data-id=\"1d68b99\" data-element_type=\"section\">\n\t\t\t\t\t\t<div class=\"elementor-container elementor-column-gap-default\">\n\t\t\t\t\t<div class=\"elementor-column elementor-col-100 elementor-top-column elementor-element elementor-element-273095e\" data-id=\"273095e\" data-element_type=\"column\">\n\t\t\t<div class=\"elementor-widget-wrap elementor-element-populated\">\n\t\t\t\t\t\t\t\t<div class=\"elementor-element elementor-element-08c00f2 elementor-widget elementor-widget-heading\" data-id=\"08c00f2\" data-element_type=\"widget\" data-widget_type=\"heading.default\">\n\t\t\t\t<div class=\"elementor-widget-container\">\n\t\t\t<h2 class=\"elementor-heading-title elementor-size-default\">Aides financi\u00e8res au projet de r\u00e9novation de votre maison<\/h2>\t\t<\/div>\n\t\t\t\t<\/div>\n\t\t\t\t<div class=\"elementor-element elementor-element-d8326bd elementor-widget elementor-widget-text-editor\" data-id=\"d8326bd\" data-element_type=\"widget\" data-widget_type=\"text-editor.default\">\n\t\t\t\t<div class=\"elementor-widget-container\">\n\t\t\t<style>\/*! elementor - v3.15.0 - 20-08-2023 *\/\n.elementor-widget-text-editor.elementor-drop-cap-view-stacked .elementor-drop-cap{background-color:#69727d;color:#fff}.elementor-widget-text-editor.elementor-drop-cap-view-framed .elementor-drop-cap{color:#69727d;border:3px solid;background-color:transparent}.elementor-widget-text-editor:not(.elementor-drop-cap-view-default) .elementor-drop-cap{margin-top:8px}.elementor-widget-text-editor:not(.elementor-drop-cap-view-default) .elementor-drop-cap-letter{width:1em;height:1em}.elementor-widget-text-editor .elementor-drop-cap{float:left;text-align:center;line-height:1;font-size:50px}.elementor-widget-text-editor .elementor-drop-cap-letter{display:inline-block}<\/style>\t\t\t\tSi vous pr\u00e9voyez un projet d&rsquo;am\u00e9lioration de votre maison, il est important de mettre en place le financement n\u00e9cessaire. <br>Vous voulez payer les travaux \u00e0 l&rsquo;avance afin de ne pas avoir \u00e0 vous soucier de d\u00e9penses suppl\u00e9mentaires au moment du paiement. <br>Cela signifie qu&rsquo;il faut envisager des pr\u00eats et voir si vous pouvez utiliser votre carte de cr\u00e9dit ou votre compte d&rsquo;\u00e9pargne pour financer les travaux.<br> Mais comment savoir combien d&rsquo;argent est n\u00e9cessaire pour une r\u00e9novation ? Voici quelques \u00e9tapes \u00e0 suivre avant d&rsquo;engager des fonds :\t\t\t\t\t\t<\/div>\n\t\t\t\t<\/div>\n\t\t\t\t<div class=\"elementor-element elementor-element-882474e elementor-widget elementor-widget-heading\" data-id=\"882474e\" data-element_type=\"widget\" data-widget_type=\"heading.default\">\n\t\t\t\t<div class=\"elementor-widget-container\">\n\t\t\t<h4 class=\"elementor-heading-title elementor-size-default\">Choisir le bon pr\u00eat<\/h4>\t\t<\/div>\n\t\t\t\t<\/div>\n\t\t\t\t<div class=\"elementor-element elementor-element-45a8941 elementor-widget elementor-widget-text-editor\" data-id=\"45a8941\" data-element_type=\"widget\" data-widget_type=\"text-editor.default\">\n\t\t\t\t<div class=\"elementor-widget-container\">\n\t\t\t\t\t\t\tLorsque vous recherchez un pr\u00eat pour la r\u00e9novation d&rsquo;une maison, il est important d&rsquo;examiner les points suivants :\n<ul>\n \t<li>Le taux d&rsquo;int\u00e9r\u00eat.<br> Renseignez-vous sur le taux d&rsquo;int\u00e9r\u00eat qui sera appliqu\u00e9 \u00e0 votre pr\u00eat.<br> Plus le taux est bas, mieux c&rsquo;est !<\/li>\n \t<li>Dur\u00e9e du pr\u00eat.<br> Il s&rsquo;agit de la dur\u00e9e que le pr\u00eateur vous accorde pour rembourser votre solde.<br> Elle est g\u00e9n\u00e9ralement plus courte que celle des autres pr\u00eats, car les projets de r\u00e9novation sont g\u00e9n\u00e9ralement moins co\u00fbteux que les pr\u00eats automobiles ou les pr\u00eats d&rsquo;\u00e9tudes.<\/li>\n \t<li>Le montant du pr\u00eat.<br> Vous voudrez que votre financement couvre la plus grande partie possible de votre projet, mais ne vous laissez pas entra\u00eener par l&rsquo;achat de mat\u00e9riaux au point d&rsquo;oublier de payer les entrepreneurs ou d&rsquo;engager des sous-traitants (si n\u00e9cessaire). <br>N&rsquo;oubliez pas que tous les projets n&rsquo;exigent pas les m\u00eames d\u00e9penses ; certains peuvent co\u00fbter plus cher parce qu&rsquo;ils impliquent des r\u00e9novations importantes, comme l&rsquo;ajout d&rsquo;une annexe \u00e0 votre maison plut\u00f4t que de simplement repeindre les murs !<\/li>\n<\/ul>\t\t\t\t\t\t<\/div>\n\t\t\t\t<\/div>\n\t\t\t\t<div class=\"elementor-element elementor-element-069a9ac elementor-widget elementor-widget-heading\" data-id=\"069a9ac\" data-element_type=\"widget\" data-widget_type=\"heading.default\">\n\t\t\t\t<div class=\"elementor-widget-container\">\n\t\t\t<h4 class=\"elementor-heading-title elementor-size-default\">N'oubliez pas de demander \u00e0 votre employeur<\/h4>\t\t<\/div>\n\t\t\t\t<\/div>\n\t\t\t\t<div class=\"elementor-element elementor-element-19582fa elementor-widget elementor-widget-text-editor\" data-id=\"19582fa\" data-element_type=\"widget\" data-widget_type=\"text-editor.default\">\n\t\t\t\t<div class=\"elementor-widget-container\">\n\t\t\t\t\t\t\tSi vous avez acc\u00e8s \u00e0 un plan 401(k) ou \u00e0 un autre plan de retraite sur votre lieu de travail, assurez-vous d&rsquo;en profiter. <br>En plus d&rsquo;\u00e9pargner pour la retraite, ces types de comptes peuvent \u00e9galement \u00eatre utilis\u00e9s comme garantie pour financer votre projet de r\u00e9novation de maison.<br> Si le pr\u00eat est effectu\u00e9 par le biais de votre compte de retraite, aucun imp\u00f4t n&rsquo;est d\u00fb jusqu&rsquo;\u00e0 ce que vous le retiriez plus tard dans votre vie.<br><br>\n\nNotez que ce n&rsquo;est pas toujours une option : <br>si vous avez un Roth IRA au lieu d&rsquo;un IRA traditionnel (ou si vous n&rsquo;avez aucun type d&rsquo;\u00e9pargne-retraite), cette strat\u00e9gie ne fonctionnera pas pour vous car les contribuables doivent payer des imp\u00f4ts sur toutes les distributions de leurs Roth IRA.<br><br>\n\nSi votre employeur offre le remboursement des frais de scolarit\u00e9 ou d&rsquo;autres avantages li\u00e9s \u00e0 l&rsquo;\u00e9ducation, profitez-en !<br> C&rsquo;est une autre fa\u00e7on pour lui de r\u00e9duire la charge financi\u00e8re des employ\u00e9s qui souhaitent suivre une formation compl\u00e9mentaire mais ne peuvent pas obtenir de pr\u00eats suppl\u00e9mentaires parce qu&rsquo;ils ont atteint leur limite de cr\u00e9dit (ou d\u00e9passent leur limite de revenu).<br>Vous \u00e9conomiserez de l&rsquo;argent tout en recevant des connaissances et une formation pr\u00e9cieuses ; tout le monde y gagne !\t\t\t\t\t\t<\/div>\n\t\t\t\t<\/div>\n\t\t\t\t<div class=\"elementor-element elementor-element-3a770e9 elementor-widget elementor-widget-heading\" data-id=\"3a770e9\" data-element_type=\"widget\" data-widget_type=\"heading.default\">\n\t\t\t\t<div class=\"elementor-widget-container\">\n\t\t\t<h4 class=\"elementor-heading-title elementor-size-default\">Contracter un pr\u00eat personnel<\/h4>\t\t<\/div>\n\t\t\t\t<\/div>\n\t\t\t\t<div class=\"elementor-element elementor-element-9ff4deb elementor-widget elementor-widget-text-editor\" data-id=\"9ff4deb\" data-element_type=\"widget\" data-widget_type=\"text-editor.default\">\n\t\t\t\t<div class=\"elementor-widget-container\">\n\t\t\t\t\t\t\tSi vous souhaitez contracter un pr\u00eat pour r\u00e9nover votre maison, envisagez de contracter un pr\u00eat personnel.<br> Les taux d&rsquo;int\u00e9r\u00eat des pr\u00eats personnels sont inf\u00e9rieurs \u00e0 ceux des cartes de cr\u00e9dit et ils peuvent \u00eatre utilis\u00e9s \u00e0 n&rsquo;importe quelle fin, par exemple pour rembourser une dette ou apporter des am\u00e9liorations \u00e0 votre maison.<br><br>\n\nLes pr\u00eats personnels sont une excellente option si vous voulez vous d\u00e9barrasser de vos dettes de carte de cr\u00e9dit \u00e0 taux d&rsquo;int\u00e9r\u00eat \u00e9lev\u00e9 tout en \u00e9tant en mesure d&rsquo;utiliser l&rsquo;argent pour quelque chose d&rsquo;utile (comme la r\u00e9novation de votre maison).<br> Les taux sont g\u00e9n\u00e9ralement plus bas que ceux de la plupart des autres types de pr\u00eats traditionnels et, comme il n&rsquo;y a pas de p\u00e9nalit\u00e9 de remboursement anticip\u00e9, vous n&rsquo;aurez pas \u00e0 payer de frais suppl\u00e9mentaires si vous d\u00e9cidez d&rsquo;avoir besoin de l&rsquo;argent plus t\u00f4t que pr\u00e9vu.\t\t\t\t\t\t<\/div>\n\t\t\t\t<\/div>\n\t\t\t\t<div class=\"elementor-element elementor-element-b32b5fc elementor-widget elementor-widget-heading\" data-id=\"b32b5fc\" data-element_type=\"widget\" data-widget_type=\"heading.default\">\n\t\t\t\t<div class=\"elementor-widget-container\">\n\t\t\t<h4 class=\"elementor-heading-title elementor-size-default\">Envisagez un pr\u00eat hypoth\u00e9caire<\/h4>\t\t<\/div>\n\t\t\t\t<\/div>\n\t\t\t\t<div class=\"elementor-element elementor-element-9596022 elementor-widget elementor-widget-text-editor\" data-id=\"9596022\" data-element_type=\"widget\" data-widget_type=\"text-editor.default\">\n\t\t\t\t<div class=\"elementor-widget-container\">\n\t\t\t\t\t\t\tUne hypoth\u00e8que est un pr\u00eat \u00e0 long terme, g\u00e9n\u00e9ralement pour la dur\u00e9e de votre propri\u00e9t\u00e9.<br> Il s&rsquo;agit d&rsquo;une dette garantie qui sera rembours\u00e9e au fil du temps, mais vous avez la possibilit\u00e9 de la rembourser par anticipation si vous le souhaitez. <br>Les pr\u00eats hypoth\u00e9caires sont disponibles pour l&rsquo;achat ou le refinancement d&rsquo;une propri\u00e9t\u00e9 sp\u00e9cifique et peuvent \u00eatre \u00e0 taux fixe ou \u00e0 taux variable.<br><br>\n\nVous pouvez \u00e9galement envisager d&#8217;emprunter sur d&rsquo;autres actifs tels que des actions, des obligations et des fonds communs de placement dans le cadre de votre strat\u00e9gie financi\u00e8re globale.\t\t\t\t\t\t<\/div>\n\t\t\t\t<\/div>\n\t\t\t\t<div class=\"elementor-element elementor-element-6c7efdf elementor-widget elementor-widget-heading\" data-id=\"6c7efdf\" data-element_type=\"widget\" data-widget_type=\"heading.default\">\n\t\t\t\t<div class=\"elementor-widget-container\">\n\t\t\t<h4 class=\"elementor-heading-title elementor-size-default\">N'attendez pas la derni\u00e8re minute<\/h4>\t\t<\/div>\n\t\t\t\t<\/div>\n\t\t\t\t<div class=\"elementor-element elementor-element-d095819 elementor-widget elementor-widget-text-editor\" data-id=\"d095819\" data-element_type=\"widget\" data-widget_type=\"text-editor.default\">\n\t\t\t\t<div class=\"elementor-widget-container\">\n\t\t\t\t\t\t\tN&rsquo;attendez pas d&rsquo;avoir tout l&rsquo;argent dont vous avez besoin.<br> N&rsquo;attendez pas de planifier, de d\u00e9marrer et de terminer votre projet en quelques jours seulement.<br> Parce que cela n&rsquo;arrive pas. <br>Il faut du temps pour que les entrepreneurs fassent leur travail, pour que les inspecteurs se d\u00e9placent, et ainsi de suite !<br><br> Vous devez faire preuve de diligence pour suivre l&rsquo;\u00e9volution de votre projet, car trop de choses peuvent mal tourner pendant des travaux de r\u00e9novation si les gens ne communiquent pas correctement entre eux ou ne respectent pas leur calendrier de travail (et il y aura certainement des retards).\t\t\t\t\t\t<\/div>\n\t\t\t\t<\/div>\n\t\t\t\t<div class=\"elementor-element elementor-element-3d9372e elementor-widget elementor-widget-heading\" data-id=\"3d9372e\" data-element_type=\"widget\" data-widget_type=\"heading.default\">\n\t\t\t\t<div class=\"elementor-widget-container\">\n\t\t\t<h4 class=\"elementor-heading-title elementor-size-default\">\u00c0 retenir : Il est important d'obtenir un financement pour un projet d'am\u00e9lioration de l'habitat.<\/h4>\t\t<\/div>\n\t\t\t\t<\/div>\n\t\t\t\t<div class=\"elementor-element elementor-element-0bce7d7 elementor-widget elementor-widget-text-editor\" data-id=\"0bce7d7\" data-element_type=\"widget\" data-widget_type=\"text-editor.default\">\n\t\t\t\t<div class=\"elementor-widget-container\">\n\t\t\t\t\t\t\tIl est important d&rsquo;obtenir un financement pour un projet d&rsquo;am\u00e9lioration de l&rsquo;habitat.<br> Vous devez examiner toutes vos options avant de choisir un pr\u00eat. <br>Vous devez tenir compte de votre situation financi\u00e8re lorsque vous choisissez un pr\u00eat hypoth\u00e9caire.<br><br>\n\nVous devez tenir compte de votre cote de cr\u00e9dit, du montant du pr\u00eat et de vos revenus lorsque vous choisissez un pr\u00eat hypoth\u00e9caire.<br> Vous devez \u00e9galement rechercher des pr\u00eateurs qui offrent des taux d&rsquo;int\u00e9r\u00eat et des frais comp\u00e9titifs.\t\t\t\t\t\t<\/div>\n\t\t\t\t<\/div>\n\t\t\t\t<div class=\"elementor-element elementor-element-279bb46 elementor-widget elementor-widget-heading\" data-id=\"279bb46\" data-element_type=\"widget\" data-widget_type=\"heading.default\">\n\t\t\t\t<div class=\"elementor-widget-container\">\n\t\t\t<h4 class=\"elementor-heading-title elementor-size-default\">Conclusion<\/h4>\t\t<\/div>\n\t\t\t\t<\/div>\n\t\t\t\t<div class=\"elementor-element elementor-element-f5550bd elementor-widget elementor-widget-text-editor\" data-id=\"f5550bd\" data-element_type=\"widget\" data-widget_type=\"text-editor.default\">\n\t\t\t\t<div class=\"elementor-widget-container\">\n\t\t\t\t\t\t\tPour financer un projet d&rsquo;am\u00e9lioration de l&rsquo;habitat, il faut trouver le bon pr\u00eat. <br>Vous devez examiner vos options et choisir un pr\u00eateur qui peut vous aider \u00e0 obtenir le meilleur financement possible au co\u00fbt le plus bas possible.<br> Si vous cherchez plus d&rsquo;informations sur la fa\u00e7on de financer votre prochaine r\u00e9novation, consultez notre site Web o\u00f9 vous trouverez de nombreuses ressources, notamment des calculatrices de pr\u00eats hypoth\u00e9caires, des articles sur les pr\u00eats et bien plus encore !\t\t\t\t\t\t<\/div>\n\t\t\t\t<\/div>\n\t\t\t\t<div class=\"elementor-element elementor-element-aba85d1 elementor-widget elementor-widget-button\" data-id=\"aba85d1\" data-element_type=\"widget\" data-widget_type=\"button.default\">\n\t\t\t\t<div class=\"elementor-widget-container\">\n\t\t\t\t\t<div class=\"elementor-button-wrapper\">\n\t\t\t<a class=\"elementor-button elementor-button-link elementor-size-sm\" href=\"https:\/\/aj92couvreur.fr\/index.php\/contact-us\/\">\n\t\t\t\t\t\t<span class=\"elementor-button-content-wrapper\">\n\t\t\t\t\t\t<span class=\"elementor-button-text\">Devis gratuit<\/span>\n\t\t<\/span>\n\t\t\t\t\t<\/a>\n\t\t<\/div>\n\t\t\t\t<\/div>\n\t\t\t\t<\/div>\n\t\t\t\t\t<\/div>\n\t\t<\/div>\n\t\t\t\t\t\t\t<\/div>\n\t\t<\/section>\n\t\t\t\t\t\t\t<\/div>\n\t\t","protected":false},"excerpt":{"rendered":"<p>Aides financi\u00e8res Aides financi\u00e8res au projet de r\u00e9novation de votre maison Si vous pr\u00e9voyez un projet d&rsquo;am\u00e9lioration de votre maison, il est important de mettre en place le financement n\u00e9cessaire. Vous voulez payer les travaux \u00e0 l&rsquo;avance afin de ne pas avoir \u00e0 vous soucier de d\u00e9penses suppl\u00e9mentaires au moment du paiement. Cela signifie qu&rsquo;il &hellip;<\/p>\n<p class=\"read-more\"> <a class=\"\" href=\"https:\/\/aj92couvreur.fr\/index.php\/aides-financieres\/\"> <span class=\"screen-reader-text\">Aides financi\u00e8res<\/span> Lire la suite\u00a0\u00bb<\/a><\/p>\n","protected":false},"author":1,"featured_media":0,"parent":0,"menu_order":0,"comment_status":"closed","ping_status":"closed","template":"","meta":{"om_disable_all_campaigns":false,"_mi_skip_tracking":false,"_monsterinsights_sitenote_active":false,"_monsterinsights_sitenote_note":"","_monsterinsights_sitenote_category":0,"site-sidebar-layout":"no-sidebar","site-content-layout":"page-builder","ast-global-header-display":"","ast-main-header-display":"","ast-hfb-above-header-display":"","ast-hfb-below-header-display":"","ast-hfb-mobile-header-display":"","site-post-title":"disabled","ast-breadcrumbs-content":"","ast-featured-img":"disabled","footer-sml-layout":"","theme-transparent-header-meta":"","adv-header-id-meta":"","stick-header-meta":"","header-above-stick-meta":"","header-main-stick-meta":"","header-below-stick-meta":""},"yoast_head":"<!-- This site is optimized with the Yoast SEO plugin v20.0 - https:\/\/yoast.com\/wordpress\/plugins\/seo\/ -->\n<title>Aides financi\u00e8res - AJ92COUVREUR<\/title>\n<meta name=\"robots\" content=\"index, follow, max-snippet:-1, max-image-preview:large, max-video-preview:-1\" \/>\n<link rel=\"canonical\" href=\"https:\/\/aj92couvreur.fr\/index.php\/aides-financieres\/\" \/>\n<meta property=\"og:locale\" content=\"fr_FR\" \/>\n<meta property=\"og:type\" content=\"article\" \/>\n<meta property=\"og:title\" content=\"Aides financi\u00e8res - AJ92COUVREUR\" \/>\n<meta property=\"og:description\" content=\"Aides financi\u00e8res Aides financi\u00e8res au projet de r\u00e9novation de votre maison Si vous pr\u00e9voyez un projet d&rsquo;am\u00e9lioration de votre maison, il est important de mettre en place le financement n\u00e9cessaire. Vous voulez payer les travaux \u00e0 l&rsquo;avance afin de ne pas avoir \u00e0 vous soucier de d\u00e9penses suppl\u00e9mentaires au moment du paiement. Cela signifie qu&rsquo;il &hellip; Aides financi\u00e8res Lire la suite\u00a0\u00bb\" \/>\n<meta property=\"og:url\" content=\"https:\/\/aj92couvreur.fr\/index.php\/aides-financieres\/\" \/>\n<meta property=\"og:site_name\" content=\"AJ92COUVREUR\" \/>\n<meta property=\"article:publisher\" content=\"https:\/\/www.facebook.com\/Couvreur.AJ.Adolphe92\/\" \/>\n<meta property=\"article:modified_time\" content=\"2023-01-24T03:26:51+00:00\" \/>\n<meta name=\"twitter:card\" content=\"summary_large_image\" \/>\n<meta name=\"twitter:label1\" content=\"Dur\u00e9e de lecture estim\u00e9e\" \/>\n\t<meta name=\"twitter:data1\" content=\"5 minutes\" \/>\n<script type=\"application\/ld+json\" class=\"yoast-schema-graph\">{\"@context\":\"https:\/\/schema.org\",\"@graph\":[{\"@type\":\"WebPage\",\"@id\":\"https:\/\/aj92couvreur.fr\/index.php\/aides-financieres\/\",\"url\":\"https:\/\/aj92couvreur.fr\/index.php\/aides-financieres\/\",\"name\":\"Aides financi\u00e8res - AJ92COUVREUR\",\"isPartOf\":{\"@id\":\"https:\/\/aj92couvreur.fr\/#website\"},\"datePublished\":\"2022-12-02T18:37:16+00:00\",\"dateModified\":\"2023-01-24T03:26:51+00:00\",\"breadcrumb\":{\"@id\":\"https:\/\/aj92couvreur.fr\/index.php\/aides-financieres\/#breadcrumb\"},\"inLanguage\":\"fr-FR\",\"potentialAction\":[{\"@type\":\"ReadAction\",\"target\":[\"https:\/\/aj92couvreur.fr\/index.php\/aides-financieres\/\"]}]},{\"@type\":\"BreadcrumbList\",\"@id\":\"https:\/\/aj92couvreur.fr\/index.php\/aides-financieres\/#breadcrumb\",\"itemListElement\":[{\"@type\":\"ListItem\",\"position\":1,\"name\":\"Accueil\",\"item\":\"https:\/\/aj92couvreur.fr\/\"},{\"@type\":\"ListItem\",\"position\":2,\"name\":\"Aides financi\u00e8res\"}]},{\"@type\":\"WebSite\",\"@id\":\"https:\/\/aj92couvreur.fr\/#website\",\"url\":\"https:\/\/aj92couvreur.fr\/\",\"name\":\"AJ92COUVREUR\",\"description\":\"UN COUVREUR EXPERT EN \u00c9TANCH\u00c9IT\u00c9\",\"publisher\":{\"@id\":\"https:\/\/aj92couvreur.fr\/#organization\"},\"potentialAction\":[{\"@type\":\"SearchAction\",\"target\":{\"@type\":\"EntryPoint\",\"urlTemplate\":\"https:\/\/aj92couvreur.fr\/?s={search_term_string}\"},\"query-input\":\"required name=search_term_string\"}],\"inLanguage\":\"fr-FR\"},{\"@type\":\"Organization\",\"@id\":\"https:\/\/aj92couvreur.fr\/#organization\",\"name\":\"Adolphe Jacques\",\"alternateName\":\"Aj92couvreur\",\"url\":\"https:\/\/aj92couvreur.fr\/\",\"logo\":{\"@type\":\"ImageObject\",\"inLanguage\":\"fr-FR\",\"@id\":\"https:\/\/aj92couvreur.fr\/#\/schema\/logo\/image\/\",\"url\":\"https:\/\/aj92couvreur.fr\/wp-content\/uploads\/2023\/03\/logo-adolphe-jacques-2023.svg\",\"contentUrl\":\"https:\/\/aj92couvreur.fr\/wp-content\/uploads\/2023\/03\/logo-adolphe-jacques-2023.svg\",\"width\":775,\"height\":656,\"caption\":\"Adolphe Jacques\"},\"image\":{\"@id\":\"https:\/\/aj92couvreur.fr\/#\/schema\/logo\/image\/\"},\"sameAs\":[\"https:\/\/www.facebook.com\/Couvreur.AJ.Adolphe92\/\"]}]}<\/script>\n<!-- \/ Yoast SEO plugin. -->","yoast_head_json":{"title":"Aides financi\u00e8res - AJ92COUVREUR","robots":{"index":"index","follow":"follow","max-snippet":"max-snippet:-1","max-image-preview":"max-image-preview:large","max-video-preview":"max-video-preview:-1"},"canonical":"https:\/\/aj92couvreur.fr\/index.php\/aides-financieres\/","og_locale":"fr_FR","og_type":"article","og_title":"Aides financi\u00e8res - AJ92COUVREUR","og_description":"Aides financi\u00e8res Aides financi\u00e8res au projet de r\u00e9novation de votre maison Si vous pr\u00e9voyez un projet d&rsquo;am\u00e9lioration de votre maison, il est important de mettre en place le financement n\u00e9cessaire. Vous voulez payer les travaux \u00e0 l&rsquo;avance afin de ne pas avoir \u00e0 vous soucier de d\u00e9penses suppl\u00e9mentaires au moment du paiement. Cela signifie qu&rsquo;il &hellip; Aides financi\u00e8res Lire la suite\u00a0\u00bb","og_url":"https:\/\/aj92couvreur.fr\/index.php\/aides-financieres\/","og_site_name":"AJ92COUVREUR","article_publisher":"https:\/\/www.facebook.com\/Couvreur.AJ.Adolphe92\/","article_modified_time":"2023-01-24T03:26:51+00:00","twitter_card":"summary_large_image","twitter_misc":{"Dur\u00e9e de lecture estim\u00e9e":"5 minutes"},"schema":{"@context":"https:\/\/schema.org","@graph":[{"@type":"WebPage","@id":"https:\/\/aj92couvreur.fr\/index.php\/aides-financieres\/","url":"https:\/\/aj92couvreur.fr\/index.php\/aides-financieres\/","name":"Aides financi\u00e8res - AJ92COUVREUR","isPartOf":{"@id":"https:\/\/aj92couvreur.fr\/#website"},"datePublished":"2022-12-02T18:37:16+00:00","dateModified":"2023-01-24T03:26:51+00:00","breadcrumb":{"@id":"https:\/\/aj92couvreur.fr\/index.php\/aides-financieres\/#breadcrumb"},"inLanguage":"fr-FR","potentialAction":[{"@type":"ReadAction","target":["https:\/\/aj92couvreur.fr\/index.php\/aides-financieres\/"]}]},{"@type":"BreadcrumbList","@id":"https:\/\/aj92couvreur.fr\/index.php\/aides-financieres\/#breadcrumb","itemListElement":[{"@type":"ListItem","position":1,"name":"Accueil","item":"https:\/\/aj92couvreur.fr\/"},{"@type":"ListItem","position":2,"name":"Aides financi\u00e8res"}]},{"@type":"WebSite","@id":"https:\/\/aj92couvreur.fr\/#website","url":"https:\/\/aj92couvreur.fr\/","name":"AJ92COUVREUR","description":"UN COUVREUR EXPERT EN \u00c9TANCH\u00c9IT\u00c9","publisher":{"@id":"https:\/\/aj92couvreur.fr\/#organization"},"potentialAction":[{"@type":"SearchAction","target":{"@type":"EntryPoint","urlTemplate":"https:\/\/aj92couvreur.fr\/?s={search_term_string}"},"query-input":"required name=search_term_string"}],"inLanguage":"fr-FR"},{"@type":"Organization","@id":"https:\/\/aj92couvreur.fr\/#organization","name":"Adolphe Jacques","alternateName":"Aj92couvreur","url":"https:\/\/aj92couvreur.fr\/","logo":{"@type":"ImageObject","inLanguage":"fr-FR","@id":"https:\/\/aj92couvreur.fr\/#\/schema\/logo\/image\/","url":"https:\/\/aj92couvreur.fr\/wp-content\/uploads\/2023\/03\/logo-adolphe-jacques-2023.svg","contentUrl":"https:\/\/aj92couvreur.fr\/wp-content\/uploads\/2023\/03\/logo-adolphe-jacques-2023.svg","width":775,"height":656,"caption":"Adolphe Jacques"},"image":{"@id":"https:\/\/aj92couvreur.fr\/#\/schema\/logo\/image\/"},"sameAs":["https:\/\/www.facebook.com\/Couvreur.AJ.Adolphe92\/"]}]}},"_links":{"self":[{"href":"https:\/\/aj92couvreur.fr\/index.php\/wp-json\/wp\/v2\/pages\/2749"}],"collection":[{"href":"https:\/\/aj92couvreur.fr\/index.php\/wp-json\/wp\/v2\/pages"}],"about":[{"href":"https:\/\/aj92couvreur.fr\/index.php\/wp-json\/wp\/v2\/types\/page"}],"author":[{"embeddable":true,"href":"https:\/\/aj92couvreur.fr\/index.php\/wp-json\/wp\/v2\/users\/1"}],"replies":[{"embeddable":true,"href":"https:\/\/aj92couvreur.fr\/index.php\/wp-json\/wp\/v2\/comments?post=2749"}],"version-history":[{"count":42,"href":"https:\/\/aj92couvreur.fr\/index.php\/wp-json\/wp\/v2\/pages\/2749\/revisions"}],"predecessor-version":[{"id":2913,"href":"https:\/\/aj92couvreur.fr\/index.php\/wp-json\/wp\/v2\/pages\/2749\/revisions\/2913"}],"wp:attachment":[{"href":"https:\/\/aj92couvreur.fr\/index.php\/wp-json\/wp\/v2\/media?parent=2749"}],"curies":[{"name":"wp","href":"https:\/\/api.w.org\/{rel}","templated":true}]}}